{"id":1083,"date":"2024-03-26T10:21:35","date_gmt":"2024-03-26T09:21:35","guid":{"rendered":"https:\/\/pif.wd33.fr\/faq\/"},"modified":"2024-04-23T17:25:44","modified_gmt":"2024-04-23T15:25:44","slug":"faq","status":"publish","type":"page","link":"https:\/\/pif.wd33.fr\/es\/faq\/","title":{"rendered":"PREGUNTAS FRECUENTES"},"content":{"rendered":"<p>Aqu\u00ed encontrar\u00e1 algunas respuestas a las preguntas m\u00e1s frecuentes sobre la herramienta <strong>Pif<\/strong>.<\/p>\n<p>Si no encuentra la respuesta que busca, p\u00f3ngase <a href=\"https:\/\/pif.wd33.fr\/es\/contact\/\">en contacto<\/a> con nosotros y estaremos encantados de ayudarle.<\/p>\n<style type=\"text\/css\"><\/style><section id='' \n                class='helpie-faq accordions faq-toggle open-first groupSettings-119__enabled' \n                data-collection='' \n                data-pagination='0' \n                data-search='0' \n                data-pagination-enabled='0'\n                role='region'\n                aria-label='FAQ Section'\n                aria-live='polite'><h3 class=\"collection-title\">FAQ es<\/h3><form class=\"search\" onSubmit=\"return false;\"><div class=\"search__wrapper\"><input type=\"text\" class=\"search__input\" aria-label=\"Search\" placeholder=\"Rechercher dans la FAQ\"><span class=\"search__icon\"><svg class=\"svg-icon--search\" role=\"img\" xmlns=\"http:\/\/www.w3.org\/2000\/svg\" viewBox=\"0 0 22 22\">\r\n                        <g fill=\"none\" stroke=\"#171717\">\r\n                            <path stroke-linecap=\"square\" stroke-width=\"2\" d=\"M18.5 18.3l-5.4-5.4\"\/>\r\n                            <circle cx=\"8\" cy=\"8\" r=\"7\" stroke-width=\"2\"\/>\r\n                        <\/g>\r\n                    <\/svg><\/span><\/div><div class=\"search__message\"><\/div><\/form><article class=\"accordion \"><div class='helpie-faq-row'><div class='helpie-faq-col helpie-faq-col-12' ><ul><li class=\"accordion__item \"><div class=\"accordion__header \" \r\n                id=\"accordion-header-post-1247\"\r\n                role=\"button\"\r\n                aria-expanded=\"false\"\r\n                aria-controls=\"accordion-content-post-1247\"\r\n                data-id=\"post-1247\" \r\n                data-item=\"hfaq-post-1247\" \r\n                style=\"background:transparent;\" \r\n                data-tags=\"\"\r\n                tabindex=\"0\"><div class=\"accordion__title\">\u00bfCu\u00e1l es el di\u00e1metro m\u00e1ximo de trenza y fluorocarbono que se puede utilizar con la herramienta Pif?<\/div><\/div><div id=\"accordion-content-post-1247\" \r\n                class=\"accordion__body\" \r\n                role=\"region\"\r\n                aria-labelledby=\"accordion-header-post-1247\"\r\n                style=\"background:transparent;\"><p>Puede utilizar di\u00e1metros de 0,1 mm a 0,9 mm sin ning\u00fan problema.<\/p>\n<\/div><\/li><li class=\"accordion__item \"><div class=\"accordion__header \" \r\n                id=\"accordion-header-post-1261\"\r\n                role=\"button\"\r\n                aria-expanded=\"false\"\r\n                aria-controls=\"accordion-content-post-1261\"\r\n                data-id=\"post-1261\" \r\n                data-item=\"hfaq-post-1261\" \r\n                style=\"background:transparent;\" \r\n                data-tags=\"\"\r\n                tabindex=\"0\"><div class=\"accordion__title\">\u00bfLa herramienta Pif tiene garant\u00eda?<\/div><\/div><div id=\"accordion-content-post-1261\" \r\n                class=\"accordion__body\" \r\n                role=\"region\"\r\n                aria-labelledby=\"accordion-header-post-1261\"\r\n                style=\"background:transparent;\"><p>El Pif tiene una garant\u00eda de 2 a\u00f1os en condiciones normales de uso.<\/p>\n<\/div><\/li><li class=\"accordion__item \"><div class=\"accordion__header \" \r\n                id=\"accordion-header-post-1263\"\r\n                role=\"button\"\r\n                aria-expanded=\"false\"\r\n                aria-controls=\"accordion-content-post-1263\"\r\n                data-id=\"post-1263\" \r\n                data-item=\"hfaq-post-1263\" \r\n                style=\"background:transparent;\" \r\n                data-tags=\"\"\r\n                tabindex=\"0\"><div class=\"accordion__title\">\u00bfTengo que saber hacer nudos de pesca para poder utilizar la herramienta Pif?<\/div><\/div><div id=\"accordion-content-post-1263\" \r\n                class=\"accordion__body\" \r\n                role=\"region\"\r\n                aria-labelledby=\"accordion-header-post-1263\"\r\n                style=\"background:transparent;\"><p>Por supuesto que no. Pif tambi\u00e9n ofrece nudos que los pescadores experimentados no han visto nunca, pero que son tan eficaces, si no m\u00e1s, que algunos nudos cl\u00e1sicos.<\/p>\n<\/div><\/li><li class=\"accordion__item \"><div class=\"accordion__header \" \r\n                id=\"accordion-header-post-1265\"\r\n                role=\"button\"\r\n                aria-expanded=\"false\"\r\n                aria-controls=\"accordion-content-post-1265\"\r\n                data-id=\"post-1265\" \r\n                data-item=\"hfaq-post-1265\" \r\n                style=\"background:transparent;\" \r\n                data-tags=\"\"\r\n                tabindex=\"0\"><div class=\"accordion__title\">\u00bfCu\u00e1l es la vida \u00fatil de la herramienta Pif?<\/div><\/div><div id=\"accordion-content-post-1265\" \r\n                class=\"accordion__body\" \r\n                role=\"region\"\r\n                aria-labelledby=\"accordion-header-post-1265\"\r\n                style=\"background:transparent;\"><p>La calidad de los materiales utilizados garantiza que la herramienta Pif durar\u00e1 muchos a\u00f1os con un uso normal.<\/p>\n<\/div><\/li><li class=\"accordion__item \"><div class=\"accordion__header \" \r\n                id=\"accordion-header-post-1267\"\r\n                role=\"button\"\r\n                aria-expanded=\"false\"\r\n                aria-controls=\"accordion-content-post-1267\"\r\n                data-id=\"post-1267\" \r\n                data-item=\"hfaq-post-1267\" \r\n                style=\"background:transparent;\" \r\n                data-tags=\"\"\r\n                tabindex=\"0\"><div class=\"accordion__title\">Soy un profesional, \u00bfc\u00f3mo puedo distribuir su producto?<\/div><\/div><div id=\"accordion-content-post-1267\" \r\n                class=\"accordion__body\" \r\n                role=\"region\"\r\n                aria-labelledby=\"accordion-header-post-1267\"\r\n                style=\"background:transparent;\"><p>No dude en ponerse en contacto con nosotros a trav\u00e9s del formulario de la p\u00e1gina \u00ab<a href=\"https:\/\/pif.wd33.fr\/es\/contact\/\">Contacto<\/a>\u00ab. Estaremos encantados de recibir noticias suyas.<\/p>\n<\/div><\/li><li class=\"accordion__item \"><div class=\"accordion__header \" \r\n                id=\"accordion-header-post-1269\"\r\n                role=\"button\"\r\n                aria-expanded=\"false\"\r\n                aria-controls=\"accordion-content-post-1269\"\r\n                data-id=\"post-1269\" \r\n                data-item=\"hfaq-post-1269\" \r\n                style=\"background:transparent;\" \r\n                data-tags=\"\"\r\n                tabindex=\"0\"><div class=\"accordion__title\">Me gustar\u00eda comprar varias herramientas Pif. \u00bfExiste una cantidad m\u00ednima para beneficiarse de una promoci\u00f3n?<\/div><\/div><div id=\"accordion-content-post-1269\" \r\n                class=\"accordion__body\" \r\n                role=\"region\"\r\n                aria-labelledby=\"accordion-header-post-1269\"\r\n                style=\"background:transparent;\"><p><span class=\"--l --r sentence_highlight\">Los gastos de env\u00edo son gratuitos a partir de 5 ejemplares. <\/span><span class=\"--l --r sentence_highlight\">Para m\u00e1s de cinco ejemplares, p\u00f3ngase en contacto con nosotros a trav\u00e9s del formulario de la p\u00e1gina \u00ab<a href=\"https:\/\/pif.wd33.fr\/es\/contact\/\">Contacto<\/a>\u00ab.<\/span><\/p>\n<\/div><\/li><li class=\"accordion__item \"><div class=\"accordion__header \" \r\n                id=\"accordion-header-post-1271\"\r\n                role=\"button\"\r\n                aria-expanded=\"false\"\r\n                aria-controls=\"accordion-content-post-1271\"\r\n                data-id=\"post-1271\" \r\n                data-item=\"hfaq-post-1271\" \r\n                style=\"background:transparent;\" \r\n                data-tags=\"\"\r\n                tabindex=\"0\"><div class=\"accordion__title\">\u00bfSe puede utilizar Pif tanto en agua dulce como en alta mar?<\/div><\/div><div id=\"accordion-content-post-1271\" \r\n                class=\"accordion__body\" \r\n                role=\"region\"\r\n                aria-labelledby=\"accordion-header-post-1271\"\r\n                style=\"background:transparent;\"><p><span class=\"--l --r sentence_highlight\">S\u00ed, por supuesto. <\/span><span class=\"--l --r sentence_highlight\">El Pif se adapta a todas las condiciones y situaciones a las que se enfrentan los pescadores.<\/span><\/p>\n<\/div><\/li><li class=\"accordion__item \"><div class=\"accordion__header \" \r\n                id=\"accordion-header-post-1273\"\r\n                role=\"button\"\r\n                aria-expanded=\"false\"\r\n                aria-controls=\"accordion-content-post-1273\"\r\n                data-id=\"post-1273\" \r\n                data-item=\"hfaq-post-1273\" \r\n                style=\"background:transparent;\" \r\n                data-tags=\"\"\r\n                tabindex=\"0\"><div class=\"accordion__title\">\u00bfPif flota?<\/div><\/div><div id=\"accordion-content-post-1273\" \r\n                class=\"accordion__body\" \r\n                role=\"region\"\r\n                aria-labelledby=\"accordion-header-post-1273\"\r\n                style=\"background:transparent;\"><p><span class=\"--l --r sentence_highlight\">A\u00fan no hemos encontrado la manera de hacer que el Pif flote sin alterar su calidad ni dificultar su uso. <\/span><span class=\"--l --r sentence_highlight\">Seguimos trabajando en ello.<\/span><\/p>\n<\/div><\/li><li class=\"accordion__item \"><div class=\"accordion__header \" \r\n                id=\"accordion-header-post-1275\"\r\n                role=\"button\"\r\n                aria-expanded=\"false\"\r\n                aria-controls=\"accordion-content-post-1275\"\r\n                data-id=\"post-1275\" \r\n                data-item=\"hfaq-post-1275\" \r\n                style=\"background:transparent;\" \r\n                data-tags=\"\"\r\n                tabindex=\"0\"><div class=\"accordion__title\">Si no estoy satisfecho con el Pif, \u00bfpuedo devolv\u00e9rselo?<\/div><\/div><div id=\"accordion-content-post-1275\" \r\n                class=\"accordion__body\" \r\n                role=\"region\"\r\n                aria-labelledby=\"accordion-header-post-1275\"\r\n                style=\"background:transparent;\"><p><span class=\"--l --r sentence_highlight\">Puede devolver la herramienta Pif en su embalaje original y se le reembolsar\u00e1 en cuanto la reciba, siempre que est\u00e9 en condiciones de uso.<\/span><\/p>\n<\/div><\/li><\/ul><\/div><\/div><\/article><\/section>\n","protected":false},"excerpt":{"rendered":"<p>Aqu\u00ed encontrar\u00e1 algunas respuestas a las preguntas m\u00e1s frecuentes sobre la herramienta Pif. Si no encuentra la respuesta que busca, p\u00f3ngase en contacto con nosotros y estaremos encantados de ayudarle.<\/p>\n","protected":false},"author":1,"featured_media":0,"parent":0,"menu_order":0,"comment_status":"closed","ping_status":"closed","template":"page_cmd.php","meta":{"_acf_changed":false,"inline_featured_image":false,"footnotes":""},"class_list":["post-1083","page","type-page","status-publish","hentry"],"acf":[],"yoast_head":"<!-- This site is optimized with the Yoast SEO plugin v24.5 - https:\/\/yoast.com\/wordpress\/plugins\/seo\/ -->\n<title>PREGUNTAS FRECUENTES - Pif-fishing<\/title>\n<meta name=\"robots\" content=\"index, follow, max-snippet:-1, max-image-preview:large, max-video-preview:-1\" \/>\n<link rel=\"canonical\" href=\"https:\/\/pif.wd33.fr\/es\/faq\/\" \/>\n<meta property=\"og:locale\" content=\"es_ES\" \/>\n<meta property=\"og:type\" content=\"article\" \/>\n<meta property=\"og:title\" content=\"PREGUNTAS FRECUENTES - Pif-fishing\" \/>\n<meta property=\"og:description\" content=\"Aqu\u00ed encontrar\u00e1 algunas respuestas a las preguntas m\u00e1s frecuentes sobre la herramienta Pif. Si no encuentra la respuesta que busca, p\u00f3ngase en contacto con nosotros y estaremos encantados de ayudarle.\" \/>\n<meta property=\"og:url\" content=\"https:\/\/pif.wd33.fr\/es\/faq\/\" \/>\n<meta property=\"og:site_name\" content=\"Pif-fishing\" \/>\n<meta property=\"article:modified_time\" content=\"2024-04-23T15:25:44+00:00\" \/>\n<meta name=\"twitter:card\" content=\"summary_large_image\" \/>\n<meta name=\"twitter:label1\" content=\"Tiempo de lectura\" \/>\n\t<meta name=\"twitter:data1\" content=\"1 minuto\" \/>\n<script type=\"application\/ld+json\" class=\"yoast-schema-graph\">{\"@context\":\"https:\/\/schema.org\",\"@graph\":[{\"@type\":\"WebPage\",\"@id\":\"https:\/\/pif.wd33.fr\/es\/faq\/\",\"url\":\"https:\/\/pif.wd33.fr\/es\/faq\/\",\"name\":\"PREGUNTAS FRECUENTES - Pif-fishing\",\"isPartOf\":{\"@id\":\"https:\/\/pif.wd33.fr\/es\/#website\"},\"datePublished\":\"2024-03-26T09:21:35+00:00\",\"dateModified\":\"2024-04-23T15:25:44+00:00\",\"breadcrumb\":{\"@id\":\"https:\/\/pif.wd33.fr\/es\/faq\/#breadcrumb\"},\"inLanguage\":\"es\",\"potentialAction\":[{\"@type\":\"ReadAction\",\"target\":[\"https:\/\/pif.wd33.fr\/es\/faq\/\"]}]},{\"@type\":\"BreadcrumbList\",\"@id\":\"https:\/\/pif.wd33.fr\/es\/faq\/#breadcrumb\",\"itemListElement\":[{\"@type\":\"ListItem\",\"position\":1,\"name\":\"Accueil\",\"item\":\"https:\/\/pif.wd33.fr\/es\/\"},{\"@type\":\"ListItem\",\"position\":2,\"name\":\"PREGUNTAS FRECUENTES\"}]},{\"@type\":\"WebSite\",\"@id\":\"https:\/\/pif.wd33.fr\/es\/#website\",\"url\":\"https:\/\/pif.wd33.fr\/es\/\",\"name\":\"Pif-fishing\",\"description\":\"\",\"publisher\":{\"@id\":\"https:\/\/pif.wd33.fr\/es\/#organization\"},\"alternateName\":\"Pif Fishing\",\"potentialAction\":[{\"@type\":\"SearchAction\",\"target\":{\"@type\":\"EntryPoint\",\"urlTemplate\":\"https:\/\/pif.wd33.fr\/es\/?s={search_term_string}\"},\"query-input\":{\"@type\":\"PropertyValueSpecification\",\"valueRequired\":true,\"valueName\":\"search_term_string\"}}],\"inLanguage\":\"es\"},{\"@type\":\"Organization\",\"@id\":\"https:\/\/pif.wd33.fr\/es\/#organization\",\"name\":\"Pif Fishing\",\"alternateName\":\"Pif Fishing\",\"url\":\"https:\/\/pif.wd33.fr\/es\/\",\"logo\":{\"@type\":\"ImageObject\",\"inLanguage\":\"es\",\"@id\":\"https:\/\/pif.wd33.fr\/es\/#\/schema\/logo\/image\/\",\"url\":\"https:\/\/pif.wd33.fr\/wp-content\/uploads\/2024\/05\/Pif-fishing-logo.svg\",\"contentUrl\":\"https:\/\/pif.wd33.fr\/wp-content\/uploads\/2024\/05\/Pif-fishing-logo.svg\",\"caption\":\"Pif Fishing\"},\"image\":{\"@id\":\"https:\/\/pif.wd33.fr\/es\/#\/schema\/logo\/image\/\"}}]}<\/script>\n<!-- \/ Yoast SEO plugin. -->","yoast_head_json":{"title":"PREGUNTAS FRECUENTES - Pif-fishing","robots":{"index":"index","follow":"follow","max-snippet":"max-snippet:-1","max-image-preview":"max-image-preview:large","max-video-preview":"max-video-preview:-1"},"canonical":"https:\/\/pif.wd33.fr\/es\/faq\/","og_locale":"es_ES","og_type":"article","og_title":"PREGUNTAS FRECUENTES - Pif-fishing","og_description":"Aqu\u00ed encontrar\u00e1 algunas respuestas a las preguntas m\u00e1s frecuentes sobre la herramienta Pif. Si no encuentra la respuesta que busca, p\u00f3ngase en contacto con nosotros y estaremos encantados de ayudarle.","og_url":"https:\/\/pif.wd33.fr\/es\/faq\/","og_site_name":"Pif-fishing","article_modified_time":"2024-04-23T15:25:44+00:00","twitter_card":"summary_large_image","twitter_misc":{"Tiempo de lectura":"1 minuto"},"schema":{"@context":"https:\/\/schema.org","@graph":[{"@type":"WebPage","@id":"https:\/\/pif.wd33.fr\/es\/faq\/","url":"https:\/\/pif.wd33.fr\/es\/faq\/","name":"PREGUNTAS FRECUENTES - Pif-fishing","isPartOf":{"@id":"https:\/\/pif.wd33.fr\/es\/#website"},"datePublished":"2024-03-26T09:21:35+00:00","dateModified":"2024-04-23T15:25:44+00:00","breadcrumb":{"@id":"https:\/\/pif.wd33.fr\/es\/faq\/#breadcrumb"},"inLanguage":"es","potentialAction":[{"@type":"ReadAction","target":["https:\/\/pif.wd33.fr\/es\/faq\/"]}]},{"@type":"BreadcrumbList","@id":"https:\/\/pif.wd33.fr\/es\/faq\/#breadcrumb","itemListElement":[{"@type":"ListItem","position":1,"name":"Accueil","item":"https:\/\/pif.wd33.fr\/es\/"},{"@type":"ListItem","position":2,"name":"PREGUNTAS FRECUENTES"}]},{"@type":"WebSite","@id":"https:\/\/pif.wd33.fr\/es\/#website","url":"https:\/\/pif.wd33.fr\/es\/","name":"Pif-fishing","description":"","publisher":{"@id":"https:\/\/pif.wd33.fr\/es\/#organization"},"alternateName":"Pif Fishing","potentialAction":[{"@type":"SearchAction","target":{"@type":"EntryPoint","urlTemplate":"https:\/\/pif.wd33.fr\/es\/?s={search_term_string}"},"query-input":{"@type":"PropertyValueSpecification","valueRequired":true,"valueName":"search_term_string"}}],"inLanguage":"es"},{"@type":"Organization","@id":"https:\/\/pif.wd33.fr\/es\/#organization","name":"Pif Fishing","alternateName":"Pif Fishing","url":"https:\/\/pif.wd33.fr\/es\/","logo":{"@type":"ImageObject","inLanguage":"es","@id":"https:\/\/pif.wd33.fr\/es\/#\/schema\/logo\/image\/","url":"https:\/\/pif.wd33.fr\/wp-content\/uploads\/2024\/05\/Pif-fishing-logo.svg","contentUrl":"https:\/\/pif.wd33.fr\/wp-content\/uploads\/2024\/05\/Pif-fishing-logo.svg","caption":"Pif Fishing"},"image":{"@id":"https:\/\/pif.wd33.fr\/es\/#\/schema\/logo\/image\/"}}]}},"_links":{"self":[{"href":"https:\/\/pif.wd33.fr\/es\/wp-json\/wp\/v2\/pages\/1083","targetHints":{"allow":["GET"]}}],"collection":[{"href":"https:\/\/pif.wd33.fr\/es\/wp-json\/wp\/v2\/pages"}],"about":[{"href":"https:\/\/pif.wd33.fr\/es\/wp-json\/wp\/v2\/types\/page"}],"author":[{"embeddable":true,"href":"https:\/\/pif.wd33.fr\/es\/wp-json\/wp\/v2\/users\/1"}],"replies":[{"embeddable":true,"href":"https:\/\/pif.wd33.fr\/es\/wp-json\/wp\/v2\/comments?post=1083"}],"version-history":[{"count":5,"href":"https:\/\/pif.wd33.fr\/es\/wp-json\/wp\/v2\/pages\/1083\/revisions"}],"predecessor-version":[{"id":1257,"href":"https:\/\/pif.wd33.fr\/es\/wp-json\/wp\/v2\/pages\/1083\/revisions\/1257"}],"wp:attachment":[{"href":"https:\/\/pif.wd33.fr\/es\/wp-json\/wp\/v2\/media?parent=1083"}],"curies":[{"name":"wp","href":"https:\/\/api.w.org\/{rel}","templated":true}]}}